{"id":887,"date":"2023-09-25T12:41:19","date_gmt":"2023-09-25T11:41:19","guid":{"rendered":"https:\/\/foodwaste.hr\/domov\/"},"modified":"2025-12-01T13:13:24","modified_gmt":"2025-12-01T12:13:24","slug":"domov","status":"publish","type":"page","link":"https:\/\/foodwaste.hr\/sl\/","title":{"rendered":"Domov"},"content":{"rendered":"<section id=\"slider\" class=\"mb-20\">\n\n\t\t\t<!-- START Slider 1 REVOLUTION SLIDER 6.6.7 --><p class=\"rs-p-wp-fix\"><\/p>\n\t\t\t<rs-module-wrap id=\"rev_slider_2_1_wrapper\" data-source=\"gallery\" style=\"visibility:hidden;background:transparent;padding:0;margin:0px auto;margin-top:0;margin-bottom:0;\">\n\t\t\t\t<rs-module id=\"rev_slider_2_1\" style=\"\" data-version=\"6.6.7\">\n\t\t\t\t\t<rs-slides style=\"overflow: hidden; position: absolute;\">\n\t\t\t\t\t\t<rs-slide style=\"position: absolute;\" data-key=\"rs-8\" data-title=\"Slide 1 - SL\" data-thumb=\"\/\/img.youtube.com\/vi\/kPL-TlPxAiA\/sddefault.jpg\" data-anim=\"o:outin;\" data-in=\"o:0;sx:0.85;sy:0.85;\" data-out=\"x:(100%);\">\n\t\t\t\t\t\t\t<img decoding=\"async\" src=\"\/\/foodwaste.hr\/wp-content\/plugins\/revolution-slider\/public\/assets\/assets\/dummy.png\" alt=\"\" title=\"Domov\" class=\"rev-slidebg tp-rs-img rs-lazyload\" data-lazyload=\"\/\/img.youtube.com\/vi\/kPL-TlPxAiA\/sddefault.jpg\" data-no-retina>\n\t\t\t\t\t\t\t<rs-bgvideo \n\t\t\t\t\t\t\t\tdata-video=\"vc:none;w:100%;h:100%;nse:false;sat:true;l:true;ptimer:false;do:1;doca:rgba(0, 112, 46, 0.56);docb:rgba(0, 192, 114, 0.6);\"\n\t\t\t\t\t\t\t\tdata-ytid=\"kPL-TlPxAiA\"\n\t\t\t\t\t\t\t\tdata-vatr=\"version=3&amp;enablejsapi=1&amp;html5=1&amp;hd=1&amp;wmode=opaque&amp;showinfo=0&amp;rel=0&amp;origin=https:\/\/foodwaste.hr;\"\n\t\t\t\t\t\t\t><\/rs-bgvideo>\n<!--\n\t\t\t\t\t\t\t--><rs-group\n\t\t\t\t\t\t\t\tid=\"slider-2-slide-8-layer-3\" \n\t\t\t\t\t\t\t\tdata-type=\"group\"\n\t\t\t\t\t\t\t\tdata-rsp_ch=\"on\"\n\t\t\t\t\t\t\t\tdata-xy=\"x:708px;y:c;\"\n\t\t\t\t\t\t\t\tdata-text=\"w:normal;\"\n\t\t\t\t\t\t\t\tdata-dim=\"w:684px;h:407px;\"\n\t\t\t\t\t\t\t\tdata-frame_0=\"o:1;\"\n\t\t\t\t\t\t\t\tdata-frame_999=\"o:0;st:w;sR:8700;sA:9000;\"\n\t\t\t\t\t\t\t\tstyle=\"z-index:7;\"\n\t\t\t\t\t\t\t><!--\n\t\t\t\t\t\t\t\t--><rs-layer\n\t\t\t\t\t\t\t\t\tid=\"slider-2-slide-8-layer-0\" \n\t\t\t\t\t\t\t\t\tdata-type=\"image\"\n\t\t\t\t\t\t\t\t\tdata-rsp_ch=\"on\"\n\t\t\t\t\t\t\t\t\tdata-xy=\"x:c;y:c;\"\n\t\t\t\t\t\t\t\t\tdata-pos=\"a\"\n\t\t\t\t\t\t\t\t\tdata-text=\"w:normal;\"\n\t\t\t\t\t\t\t\t\tdata-dim=\"w:310px;h:300px;\"\n\t\t\t\t\t\t\t\t\tdata-frame_0=\"sX:0.9;sY:0.9;\"\n\t\t\t\t\t\t\t\t\tdata-frame_1=\"st:1840;sp:1000;sR:1840;\"\n\t\t\t\t\t\t\t\t\tdata-frame_999=\"sX:0.9;sY:0.9;o:0;st:8140;sp:1000;\"\n\t\t\t\t\t\t\t\t\tstyle=\"z-index:8;\"\n\t\t\t\t\t\t\t\t><img decoding=\"async\" src=\"\/\/foodwaste.hr\/wp-content\/plugins\/revolution-slider\/public\/assets\/assets\/dummy.png\" alt=\"\" class=\"tp-rs-img rs-lazyload\" width=\"476\" height=\"460\" data-lazyload=\"\/\/foodwaste.hr\/wp-content\/uploads\/revslider\/slider-1\/Asset-1@2x.png\" data-no-retina> \n\t\t\t\t\t\t\t\t<\/rs-layer><!--\n\n\t\t\t\t\t\t\t\t--><rs-group\n\t\t\t\t\t\t\t\t\tid=\"slider-2-slide-8-layer-10\" \n\t\t\t\t\t\t\t\t\tdata-type=\"group\"\n\t\t\t\t\t\t\t\t\tdata-rsp_ch=\"on\"\n\t\t\t\t\t\t\t\t\tdata-xy=\"x:486px;y:191px;\"\n\t\t\t\t\t\t\t\t\tdata-pos=\"a\"\n\t\t\t\t\t\t\t\t\tdata-text=\"w:normal;\"\n\t\t\t\t\t\t\t\t\tdata-dim=\"w:195px;h:191px;\"\n\t\t\t\t\t\t\t\t\tdata-frame_0=\"x:-50;\"\n\t\t\t\t\t\t\t\t\tdata-frame_1=\"st:3190;sp:1000;sR:3190;\"\n\t\t\t\t\t\t\t\t\tdata-frame_999=\"x:-50;o:0;st:8090;sp:1000;\"\n\t\t\t\t\t\t\t\t\tstyle=\"z-index:7;\"\n\t\t\t\t\t\t\t\t><!--\n\t\t\t\t\t\t\t\t\t--><rs-layer\n\t\t\t\t\t\t\t\t\t\tid=\"slider-2-slide-8-layer-12\" \n\t\t\t\t\t\t\t\t\t\tdata-type=\"shape\"\n\t\t\t\t\t\t\t\t\t\tdata-rsp_ch=\"on\"\n\t\t\t\t\t\t\t\t\t\tdata-xy=\"x:-1px;y:60px;\"\n\t\t\t\t\t\t\t\t\t\tdata-pos=\"a\"\n\t\t\t\t\t\t\t\t\t\tdata-text=\"w:normal;\"\n\t\t\t\t\t\t\t\t\t\tdata-dim=\"w:177px;h:2px;minw:0px;\"\n\t\t\t\t\t\t\t\t\t\tdata-frame_999=\"o:0;st:w;sR:8700;\"\n\t\t\t\t\t\t\t\t\t\tstyle=\"z-index:8;background-color:rgba(255,255,255,0.7);\"\n\t\t\t\t\t\t\t\t\t> \n\t\t\t\t\t\t\t\t\t<\/rs-layer><!--\n\n\t\t\t\t\t\t\t\t\t--><rs-layer\n\t\t\t\t\t\t\t\t\t\tid=\"slider-2-slide-8-layer-11\" \n\t\t\t\t\t\t\t\t\t\tdata-type=\"text\"\n\t\t\t\t\t\t\t\t\t\tdata-color=\"#ffffff\"\n\t\t\t\t\t\t\t\t\t\tdata-tsh=\"b:5px;\"\n\t\t\t\t\t\t\t\t\t\tdata-rsp_ch=\"on\"\n\t\t\t\t\t\t\t\t\t\tdata-xy=\"x:32px;y:21px;\"\n\t\t\t\t\t\t\t\t\t\tdata-pos=\"a\"\n\t\t\t\t\t\t\t\t\t\tdata-text=\"w:normal;s:50;fw:700;\"\n\t\t\t\t\t\t\t\t\t\tdata-frame_999=\"o:0;st:w;sR:8700;\"\n\t\t\t\t\t\t\t\t\t\tstyle=\"z-index:7;font-family:'Inter';\"\n\t\t\t\t\t\t\t\t\t>76% \n\t\t\t\t\t\t\t\t\t<\/rs-layer><!--\n\n\t\t\t\t\t\t\t\t\t--><rs-layer\n\t\t\t\t\t\t\t\t\t\tid=\"slider-2-slide-8-layer-13\" \n\t\t\t\t\t\t\t\t\t\tdata-type=\"text\"\n\t\t\t\t\t\t\t\t\t\tdata-color=\"#ffffff\"\n\t\t\t\t\t\t\t\t\t\tdata-tsh=\"b:5px;\"\n\t\t\t\t\t\t\t\t\t\tdata-rsp_ch=\"on\"\n\t\t\t\t\t\t\t\t\t\tdata-xy=\"x:35px;y:72px;\"\n\t\t\t\t\t\t\t\t\t\tdata-pos=\"a\"\n\t\t\t\t\t\t\t\t\t\tdata-text=\"w:normal;s:20;l:25;\"\n\t\t\t\t\t\t\t\t\t\tdata-frame_999=\"o:0;st:w;sR:8700;\"\n\t\t\t\t\t\t\t\t\t\tstyle=\"z-index:6;font-family:'Inter';\"\n\t\t\t\t\t\t\t\t\t>Gospodinjstva<br \/>\n<strong>216.345 t<\/strong> \n\t\t\t\t\t\t\t\t\t<\/rs-layer><!--\n\t\t\t\t\t\t\t\t--><\/rs-group><!--\n\n\t\t\t\t\t\t\t\t--><rs-group\n\t\t\t\t\t\t\t\t\tid=\"slider-2-slide-8-layer-9\" \n\t\t\t\t\t\t\t\t\tdata-type=\"group\"\n\t\t\t\t\t\t\t\t\tdata-rsp_ch=\"on\"\n\t\t\t\t\t\t\t\t\tdata-xy=\"x:23px;y:61px;\"\n\t\t\t\t\t\t\t\t\tdata-pos=\"a\"\n\t\t\t\t\t\t\t\t\tdata-text=\"w:normal;\"\n\t\t\t\t\t\t\t\t\tdata-dim=\"w:195px;h:191px;\"\n\t\t\t\t\t\t\t\t\tdata-frame_0=\"x:50;\"\n\t\t\t\t\t\t\t\t\tdata-frame_1=\"st:2700;sp:1000;sR:2700;\"\n\t\t\t\t\t\t\t\t\tdata-frame_999=\"x:50;o:0;st:8090;sp:1000;\"\n\t\t\t\t\t\t\t\t\tstyle=\"z-index:6;\"\n\t\t\t\t\t\t\t\t><!--\n\t\t\t\t\t\t\t\t\t--><rs-layer\n\t\t\t\t\t\t\t\t\t\tid=\"slider-2-slide-8-layer-7\" \n\t\t\t\t\t\t\t\t\t\tdata-type=\"shape\"\n\t\t\t\t\t\t\t\t\t\tdata-rsp_ch=\"on\"\n\t\t\t\t\t\t\t\t\t\tdata-xy=\"x:23px;y:60px;\"\n\t\t\t\t\t\t\t\t\t\tdata-pos=\"a\"\n\t\t\t\t\t\t\t\t\t\tdata-text=\"w:normal;\"\n\t\t\t\t\t\t\t\t\t\tdata-dim=\"w:177px;h:2px;minw:0px;\"\n\t\t\t\t\t\t\t\t\t\tdata-frame_999=\"o:0;st:w;sR:8700;\"\n\t\t\t\t\t\t\t\t\t\tstyle=\"z-index:8;background-color:rgba(255,255,255,0.7);\"\n\t\t\t\t\t\t\t\t\t> \n\t\t\t\t\t\t\t\t\t<\/rs-layer><!--\n\n\t\t\t\t\t\t\t\t\t--><rs-layer\n\t\t\t\t\t\t\t\t\t\tid=\"slider-2-slide-8-layer-4\" \n\t\t\t\t\t\t\t\t\t\tdata-type=\"text\"\n\t\t\t\t\t\t\t\t\t\tdata-color=\"#ffffff\"\n\t\t\t\t\t\t\t\t\t\tdata-tsh=\"b:5px;\"\n\t\t\t\t\t\t\t\t\t\tdata-rsp_ch=\"on\"\n\t\t\t\t\t\t\t\t\t\tdata-xy=\"x:32px;y:21px;\"\n\t\t\t\t\t\t\t\t\t\tdata-pos=\"a\"\n\t\t\t\t\t\t\t\t\t\tdata-text=\"w:normal;s:50;fw:700;\"\n\t\t\t\t\t\t\t\t\t\tdata-frame_999=\"o:0;st:w;sR:8700;\"\n\t\t\t\t\t\t\t\t\t\tstyle=\"z-index:7;font-family:'Inter';\"\n\t\t\t\t\t\t\t\t\t>24% \n\t\t\t\t\t\t\t\t\t<\/rs-layer><!--\n\n\t\t\t\t\t\t\t\t\t--><rs-layer\n\t\t\t\t\t\t\t\t\t\tid=\"slider-2-slide-8-layer-8\" \n\t\t\t\t\t\t\t\t\t\tdata-type=\"text\"\n\t\t\t\t\t\t\t\t\t\tdata-color=\"#ffffff\"\n\t\t\t\t\t\t\t\t\t\tdata-tsh=\"b:5px;\"\n\t\t\t\t\t\t\t\t\t\tdata-rsp_ch=\"on\"\n\t\t\t\t\t\t\t\t\t\tdata-xy=\"x:35px;y:72px;\"\n\t\t\t\t\t\t\t\t\t\tdata-pos=\"a\"\n\t\t\t\t\t\t\t\t\t\tdata-text=\"w:normal;s:20;l:25;\"\n\t\t\t\t\t\t\t\t\t\tdata-frame_999=\"o:0;st:w;sR:8700;\"\n\t\t\t\t\t\t\t\t\t\tstyle=\"z-index:6;font-family:'Inter';\"\n\t\t\t\t\t\t\t\t\t>Poslovni<br \/>\nsektor<br \/>\n<strong>70.034 t<\/strong> \n\t\t\t\t\t\t\t\t\t<\/rs-layer><!--\n\t\t\t\t\t\t\t\t--><\/rs-group><!--\n\t\t\t\t\t\t\t--><\/rs-group><!--\n\n\t\t\t\t\t\t\t--><rs-layer\n\t\t\t\t\t\t\t\tid=\"slider-2-slide-8-layer-2\" \n\t\t\t\t\t\t\t\tdata-type=\"text\"\n\t\t\t\t\t\t\t\tdata-color=\"#fff\"\n\t\t\t\t\t\t\t\tdata-tsh=\"h:1px;v:1px;b:5px;\"\n\t\t\t\t\t\t\t\tdata-rsp_ch=\"on\"\n\t\t\t\t\t\t\t\tdata-xy=\"x:35px;y:c;yo:-2px;\"\n\t\t\t\t\t\t\t\tdata-text=\"w:normal;s:50;l:55;fw:500;\"\n\t\t\t\t\t\t\t\tdata-dim=\"w:633px;minh:0px;\"\n\t\t\t\t\t\t\t\tdata-frame_0=\"y:100%;\"\n\t\t\t\t\t\t\t\tdata-frame_0_mask=\"u:t;\"\n\t\t\t\t\t\t\t\tdata-frame_1=\"st:790;sp:1200;sR:790;\"\n\t\t\t\t\t\t\t\tdata-frame_1_mask=\"u:t;\"\n\t\t\t\t\t\t\t\tdata-frame_999=\"x:left;o:0;st:8200;sp:1000;sR:6210;\"\n\t\t\t\t\t\t\t\tstyle=\"z-index:6;font-family:'Inter';\"\n\t\t\t\t\t\t\t>V Hrva\u0161ki se letno zavr\u017ee <strong>286 tiso\u010d ton hrane<\/strong> \n\t\t\t\t\t\t\t<\/rs-layer><!--\n-->\t\t\t\t\t\t<\/rs-slide>\n\t\t\t\t\t\t<rs-slide style=\"position: absolute;\" data-key=\"rs-9\" data-title=\"Slide 2 - SL\" data-thumb=\"\/\/img.youtube.com\/vi\/kPL-TlPxAiA\/sddefault.jpg\" data-in=\"o:0;\" data-out=\"a:false;\">\n\t\t\t\t\t\t\t<img decoding=\"async\" src=\"\/\/foodwaste.hr\/wp-content\/plugins\/revolution-slider\/public\/assets\/assets\/dummy.png\" alt=\"\" title=\"Domov\" class=\"rev-slidebg tp-rs-img rs-lazyload\" data-lazyload=\"\/\/img.youtube.com\/vi\/kPL-TlPxAiA\/sddefault.jpg\" data-no-retina>\n\t\t\t\t\t\t\t<rs-bgvideo \n\t\t\t\t\t\t\t\tdata-video=\"vc:none;w:100%;h:100%;sta:00:05;nse:false;l:true;ptimer:false;do:1;doca:rgba(0, 192, 114, 0.5);docb:rgba(0, 192, 114, 0.6);\"\n\t\t\t\t\t\t\t\tdata-ytid=\"kPL-TlPxAiA\"\n\t\t\t\t\t\t\t\tdata-vatr=\"version=3&amp;enablejsapi=1&amp;html5=1&amp;hd=1&amp;wmode=opaque&amp;showinfo=0&amp;rel=0&amp;origin=https:\/\/foodwaste.hr;\"\n\t\t\t\t\t\t\t><\/rs-bgvideo>\n<!--\n\t\t\t\t\t\t\t--><a\n\t\t\t\t\t\t\t\tid=\"slider-2-slide-9-layer-1\" \n\t\t\t\t\t\t\t\tclass=\"rs-layer rev-btn\"\n\t\t\t\t\t\t\t\thref=\"https:\/\/reencle.si\" target=\"_self\"\n\t\t\t\t\t\t\t\tdata-type=\"button\"\n\t\t\t\t\t\t\t\tdata-color=\"#ffffff\"\n\t\t\t\t\t\t\t\tdata-rsp_ch=\"on\"\n\t\t\t\t\t\t\t\tdata-xy=\"x:c;xo:-188px;y:c;yo:115px;\"\n\t\t\t\t\t\t\t\tdata-text=\"w:normal;s:18;l:51;fw:500;a:center;\"\n\t\t\t\t\t\t\t\tdata-dim=\"w:300px;h:51px;minh:0px;\"\n\t\t\t\t\t\t\t\tdata-padding=\"r:25;l:25;\"\n\t\t\t\t\t\t\t\tdata-border=\"bor:25px,25px,25px,25px;\"\n\t\t\t\t\t\t\t\tdata-frame_0=\"x:-50;\"\n\t\t\t\t\t\t\t\tdata-frame_1=\"st:1330;sp:1000;\"\n\t\t\t\t\t\t\t\tdata-frame_999=\"o:0;st:w;sR:7370;\"\n\t\t\t\t\t\t\t\tdata-frame_hover=\"bgc:rgba(0,0,0,0);boc:rgba(255,255,255,0.75);bor:25px,25px,25px,25px;bos:solid;bow:1px,1px,1px,1px;e:power1.inOut;\"\n\t\t\t\t\t\t\t\tstyle=\"z-index:8;background-color:#00ae76;font-family:'Roboto';\"\n\t\t\t\t\t\t\t>Reencle &#8211; gospodinjski aparat \n\t\t\t\t\t\t\t<\/a><!--\n\n\t\t\t\t\t\t\t--><a\n\t\t\t\t\t\t\t\tid=\"slider-2-slide-9-layer-5\" \n\t\t\t\t\t\t\t\tclass=\"rs-layer rev-btn\"\n\t\t\t\t\t\t\t\thref=\"https:\/\/foodwaste.hr\/industrijski-uredaji\/\" target=\"_self\"\n\t\t\t\t\t\t\t\tdata-type=\"button\"\n\t\t\t\t\t\t\t\tdata-color=\"#ffffff\"\n\t\t\t\t\t\t\t\tdata-rsp_ch=\"on\"\n\t\t\t\t\t\t\t\tdata-xy=\"x:c;xo:214px;y:c;yo:115px;\"\n\t\t\t\t\t\t\t\tdata-text=\"w:normal;s:18;l:51;fw:500;a:center;\"\n\t\t\t\t\t\t\t\tdata-dim=\"w:322px;h:51px;minh:0px;\"\n\t\t\t\t\t\t\t\tdata-padding=\"r:25;l:25;\"\n\t\t\t\t\t\t\t\tdata-border=\"bor:25px,25px,25px,25px;\"\n\t\t\t\t\t\t\t\tdata-frame_0=\"x:50;\"\n\t\t\t\t\t\t\t\tdata-frame_1=\"st:1330;sp:1000;\"\n\t\t\t\t\t\t\t\tdata-frame_999=\"o:0;st:w;sR:7370;\"\n\t\t\t\t\t\t\t\tdata-frame_hover=\"bgc:rgba(0,0,0,0);boc:rgba(255,255,255,0.75);bor:25px,25px,25px,25px;bos:solid;bow:1px,1px,1px,1px;e:power1.inOut;\"\n\t\t\t\t\t\t\t\tstyle=\"z-index:7;background-color:#0c4ec2;font-family:'Roboto';\"\n\t\t\t\t\t\t\t>ECOVIM &#8211; industrijski aparati \n\t\t\t\t\t\t\t<\/a><!--\n\n\t\t\t\t\t\t\t--><rs-layer\n\t\t\t\t\t\t\t\tid=\"slider-2-slide-9-layer-14\" \n\t\t\t\t\t\t\t\tdata-type=\"text\"\n\t\t\t\t\t\t\t\tdata-color=\"#ffffff\"\n\t\t\t\t\t\t\t\tdata-rsp_ch=\"on\"\n\t\t\t\t\t\t\t\tdata-xy=\"x:c;xo:-5px;y:c;yo:-57px;\"\n\t\t\t\t\t\t\t\tdata-text=\"w:normal;s:50;l:60;fw:700;a:center;\"\n\t\t\t\t\t\t\t\tdata-dim=\"w:70%;\"\n\t\t\t\t\t\t\t\tdata-frame_1=\"e:power4.inOut;sp:1200;\"\n\t\t\t\t\t\t\t\tdata-frame_1_sfx=\"se:blocktoright;\"\n\t\t\t\t\t\t\t\tdata-frame_999=\"o:0;st:w;sR:7800;\"\n\t\t\t\t\t\t\t\tstyle=\"z-index:6;font-family:'Inter';\"\n\t\t\t\t\t\t\t>Posedujemo tehnologije, ki spro\u017eajo revolucijo v na\u010dinu obdelave ostankov hrane. \n\t\t\t\t\t\t\t<\/rs-layer><!--\n-->\t\t\t\t\t\t<\/rs-slide>\n\t\t\t\t\t<\/rs-slides>\n\t\t\t\t\t<rs-static-layers><!--\n\t\t\t\t\t--><\/rs-static-layers>\n\t\t\t\t<\/rs-module>\n\t\t\t\t<script>\n\t\t\t\t\tsetREVStartSize({c: 'rev_slider_2_1',rl:[1240,1024,778,480],el:[700],gw:[1400],gh:[700],type:'standard',justify:'',layout:'fullwidth',mh:\"0\"});if (window.RS_MODULES!==undefined && window.RS_MODULES.modules!==undefined && window.RS_MODULES.modules[\"revslider21\"]!==undefined) {window.RS_MODULES.modules[\"revslider21\"].once = false;window.revapi2 = undefined;if (window.RS_MODULES.checkMinimal!==undefined) window.RS_MODULES.checkMinimal()}\n\t\t\t\t<\/script>\n\t\t\t\t<script src=\"https:\/\/www.youtube.com\/iframe_api\"><\/script>\n\t\t\t<\/rs-module-wrap>\n\t\t\t<!-- END REVOLUTION SLIDER -->\n<\/section><section id=\"uredaji\" class=\"container mb-20\">\n    <div class=\"flex flex-col md:flex-row md:-mx-6 justify-between\">\n\n        <!--start: left col-->\n        <div class=\"uredaji-item w-full mb-12 md:mb-0 md:w-1\/2 md:px-6\">\n            <div class=\"img-wrapper animate__onscroll\">\n                <img decoding=\"async\" src=\"https:\/\/foodwaste.hr\/wp-content\/uploads\/2023\/09\/reencle-naslovnica.jpg\" alt=\"\">\n                <span class=\"vrsta bg-brand-primary\">GOSPODINJSKI APARATI<\/span>\n            <\/div>\n\n            <h2 class=\"animate__onscroll\"><strong>Reencle<\/strong> &#8211; Izkoristite vsak ko\u0161\u010dek kar najbolje<\/h2>\n            <h4 class=\"text-brand-primary animate__onscroll\">Skupaj z vami poskrbi za hrano do zadnje drobtinice in je va\u0161 pravi kuhinjski &#8220;ni\u010delni junak&#8221;.<\/h4>\n\n            <ul class=\"feature-list accordion-list mb-12\">\n                  \n            <\/ul>\n\n            <a href=\"https:\/\/reencle.hr\/\" target=\"\" class=\"btn btn-rounded btn-outline btn-primary animate__onscroll\">Ve\u010d informacij<\/a>\n        <\/div>\n\n\n        <!--start: right col-->\n        <div class=\"uredaji-item w-full md:w-1\/2 md:px-6\">\n            <div class=\"img-wrapper animate__onscroll\">\n                <img decoding=\"async\" src=\"https:\/\/foodwaste.hr\/wp-content\/uploads\/2023\/09\/ecovim-naslovnica.jpg\" alt=\"\">\n                <span class=\"vrsta bg-brand-secondary\">INDUSTRIJSKE NAPRAVE<\/span>\n            <\/div>\n\n            <h2 class=\"animate__onscroll\"><strong>Ecovim<\/strong> &#8211; Za kuhinjske vizionarje<\/h2>\n            <h4 class=\"text-brand-secondary animate__onscroll\">Nov standard za profesionalne kuhinje, za vizionarje, ki \u017eelijo odgovorno odlagati \u017eivilske odpadke.<\/h4>\n\n            <ul class=\"feature-list accordion-list mb-12\">\n                  \n            <\/ul>   \n            <a href=\"https:\/\/foodwaste.hr\/industrijski-uredaji\/\" target=\"\" class=\"btn btn-rounded btn-outline btn-secondary animate__onscroll\">Ve\u010d informacij<\/a>\n        <\/div>\n    <\/div>\n<\/section><section id=\"tehnologije\" class=\"mb-20\">\n    <div class=\"container\">\n        <h2 class=\"heading-line animate__onscroll\">Tehnologije, ki predstavljajo naslednji klju\u010dni korak k trajnostnemu razvoju<\/h2>\n\n        <div class=\"text-icons\">\n                                <div class=\"item\">\n                        <div class=\"img-wrapper animate__onscroll animate__delay-0s\">\n                            <img decoding=\"async\" src=\"https:\/\/foodwaste.hr\/wp-content\/uploads\/2023\/09\/teh-korak-1.png\" alt=\"\">\n                        <\/div>\n                        <h4 class=\"animate__onscroll animate__delay-0s\">Reciklirajte ostanke hrane.<\/h4>\n                    <\/div>\n                                <div class=\"item\">\n                        <div class=\"img-wrapper animate__onscroll animate__delay-0.5s\">\n                            <img decoding=\"async\" src=\"https:\/\/foodwaste.hr\/wp-content\/uploads\/2023\/09\/teh-korak-2.png\" alt=\"\">\n                        <\/div>\n                        <h4 class=\"animate__onscroll animate__delay-0.5s\">Vklju\u010dite inovativne tehnologije, odpravite odpadke in ustvarite dragocen vir.<\/h4>\n                    <\/div>\n                                <div class=\"item\">\n                        <div class=\"img-wrapper animate__onscroll animate__delay-1s\">\n                            <img decoding=\"async\" src=\"https:\/\/foodwaste.hr\/wp-content\/uploads\/2023\/09\/teh-korak-3.png\" alt=\"\">\n                        <\/div>\n                        <h4 class=\"animate__onscroll animate__delay-1s\">Ustvarite \u010disto in prijetno okolje.<\/h4>\n                    <\/div>\n                                <div class=\"item\">\n                        <div class=\"img-wrapper animate__onscroll animate__delay-1.5s\">\n                            <img decoding=\"async\" src=\"https:\/\/foodwaste.hr\/wp-content\/uploads\/2023\/09\/teh-korak-4.png\" alt=\"\">\n                        <\/div>\n                        <h4 class=\"animate__onscroll animate__delay-1.5s\">Zmanj\u0161ajte stro\u0161ke odlaganja odpadkov, spodbujajte trajnostni razvoj in ohranjanje okolja.<\/h4>\n                    <\/div>\n            \n        <\/div>\n    <\/div>\n<\/section><section id=\"reviews\" class=\"mb-20\">\n    <div id=\"reviews-carousel-wrap\" class=\"container\">\n        <div class=\"reviews-carousel swiper carousel\">\n            <!-- Additional required wrapper -->\n            <div class=\"swiper-wrapper\">\n                <!-- Slides -->\n\n                                <div class=\"review-item swiper-slide animate__onscroll \">\n                        <div class=\"text\">&#8220;Popolno prileganje, majhen in lepo oblikovan pripomo\u010dek, izgleda kot aparat za kavo ali kaj podobnega, in nam prihrani kuhinjske in biolo\u0161ke odpadke, ki smo jih morali odlagati v rjave vre\u010dke. Tih, enostaven za uporabo in odli\u010dna pomo\u010d v gospodinjstvu! Zelo priporo\u010dam!&#8221;  <\/div>\n                        <div class=\"author\">Nives<\/div>\n                    <\/div>\n                                    <div class=\"review-item swiper-slide animate__onscroll animate__delay-0.25s\">\n                        <div class=\"text\">&#8220;Doma imam Rinkli\u0107 in deluje odli\u010dno. Presenetljivo hitro predela vse ostanke hrane in ni ve\u010d neprijetnih vonjav! Priporo\u010dam ga vsem, ki kuhajo doma, \u0161e posebej, \u010de imajo vrt!&#8221;  <\/div>\n                        <div class=\"author\">Marko<\/div>\n                    <\/div>\n                                    <div class=\"review-item swiper-slide animate__onscroll animate__delay-0.5s\">\n                        <div class=\"text\">&#8220;Preve\u010d dobro je! Enostavno za namestitev in uporabo, uporabljajo ga celo otroci &#8230; Ni\u010d ve\u010d napol razpadlih rjavih vre\u010dk, po katerih lezejo \u017eu\u017eelke &#8230; Ni\u010d ve\u010d vsakodnevnih izletov do smetnjaka za biolo\u0161ke odpadke &#8230; Moje \u017eivljenje se je poenostavilo, priporo\u010dam!&#8221;\r\n<\/div>\n                        <div class=\"author\">Sanda<\/div>\n                    <\/div>\n                \n            <\/div>\n\n            <!-- If we need scrollbar -->\n            <div class=\"swiper-scrollbar\"><\/div>\n        <\/div>\n\n        <!-- If we need pagination -->\n        <div class=\"swiper-pagination\"><\/div>\n\n        <!-- If we need navigation buttons -->\n        <div class=\"swiper-button-prev\"><\/div>\n        <div class=\"swiper-button-next\"><\/div>\n\n    <\/div>\n\n<\/section><section id=\"about-zelene\">\n    <div class=\"container flex\">\n        <div class=\"w-full md:w-2\/3\">\n            <h2 class=\"heading-line animate__onscroll\">Zelene tehnologije so vodilne na trgu pri re\u0161evanju specifi\u010dnih problemov pri upravljanju in optimizaciji poslovnih procesov pri ravnanju z odpadki.<\/h2>\n            <p class=\"animate__onscroll animate__delay-0.5s\">Kot specializirano podjetje na podro\u010dju ravnanja z odpadki si prizadevamo, da na\u0161im uporabnikom\/poslovnim partnerjem zagotovimo najbolj\u0161e razpolo\u017eljive in ekonomsko sprejemljive re\u0161itve na njihovi poti do trajnostnega razvoja.<\/p>\n        <\/div>\n    <\/div>\n<\/section>","protected":false},"excerpt":{"rendered":"","protected":false},"author":1,"featured_media":0,"parent":0,"menu_order":0,"comment_status":"closed","ping_status":"closed","template":"views\/page-blank.php","meta":{"om_disable_all_campaigns":false,"_monsterinsights_skip_tracking":false,"_monsterinsights_sitenote_active":false,"_monsterinsights_sitenote_note":"","_monsterinsights_sitenote_category":0,"footnotes":""},"class_list":["post-887","page","type-page","status-publish","hentry"],"acf":[],"aioseo_notices":[],"_links":{"self":[{"href":"https:\/\/foodwaste.hr\/sl\/wp-json\/wp\/v2\/pages\/887","targetHints":{"allow":["GET"]}}],"collection":[{"href":"https:\/\/foodwaste.hr\/sl\/wp-json\/wp\/v2\/pages"}],"about":[{"href":"https:\/\/foodwaste.hr\/sl\/wp-json\/wp\/v2\/types\/page"}],"author":[{"embeddable":true,"href":"https:\/\/foodwaste.hr\/sl\/wp-json\/wp\/v2\/users\/1"}],"replies":[{"embeddable":true,"href":"https:\/\/foodwaste.hr\/sl\/wp-json\/wp\/v2\/comments?post=887"}],"version-history":[{"count":1,"href":"https:\/\/foodwaste.hr\/sl\/wp-json\/wp\/v2\/pages\/887\/revisions"}],"predecessor-version":[{"id":894,"href":"https:\/\/foodwaste.hr\/sl\/wp-json\/wp\/v2\/pages\/887\/revisions\/894"}],"wp:attachment":[{"href":"https:\/\/foodwaste.hr\/sl\/wp-json\/wp\/v2\/media?parent=887"}],"curies":[{"name":"wp","href":"https:\/\/api.w.org\/{rel}","templated":true}]}}