{"id":895,"date":"2023-09-25T12:51:19","date_gmt":"2023-09-25T11:51:19","guid":{"rendered":"https:\/\/foodwaste.hr\/industrijske-naprave\/"},"modified":"2026-03-18T12:08:58","modified_gmt":"2026-03-18T11:08:58","slug":"industrijske-naprave","status":"publish","type":"page","link":"https:\/\/foodwaste.hr\/sl\/industrijske-naprave\/","title":{"rendered":"Industrijske naprave"},"content":{"rendered":"<header class=\"ecovim-page-header main-gradient\">\n    <div class=\"container\">\n        <div class=\"flex flex-wrap md:-mx-6 md:items-center py-16 text-white\">\n            <div class=\"w-full md:w-1\/2 md:px-6 mb-16 md:mb-0\">\n                <div class=\"heading-line heading-line-blue\" >\n                    <h1 class=\"uppercase mb-6 font-light text-5xl md:text-6xl animate__onscroll\">Ecovim<\/h1>\n                    <h4 class=\"font-bold mb-6 text-2xl md:text-3xl animate__onscroll animate__delay-0.25s\">Visokotehnolo\u0161ke naprave za zmanj\u0161anje koli\u010dine ostankov hrane<\/h4>\n                    <p class=\"animate__onscroll animate__delay-0.5s\">Zmogljivost: 30\/100\/300\/500\/1000\/1300 kg na dan.<\/p>\n                <\/div>\n            <\/div>\n\n            <div class=\"w-full md:w-1\/2 md:px-6\">\n\n                <div class=\"round-border-full p-20 md:w-4\/5 mx-auto animate__onscroll animate__delay-0.75s\">\n                    <div class=\"inner-content text-center\">\n                                                        <span class=\"text-lg\"><p><strong>Profesionalne re\u0161itve za majhne, srednje in velike kuhinje, trgovske verige, proizvajalce hrane.<\/strong><\/p>\n<span>\n                                                                    <span class=\"line-dot-line my-4\"><\/span> \n                                                                                            <span class=\"text-lg\"><p>Inovativna tehnologija, ve\u010dstopenjska metoda su\u0161enja <strong>zmanj\u0161a skupno maso<\/strong> \u017eivilskih odpadkov za <strong>83 % &#8211; 93 %<\/strong> .<\/p>\n<span>\n                                                                    <span class=\"line-dot-line my-4\"><\/span> \n                                                                                            <span class=\"text-lg\"><p>Po kon\u010danem procesu nastane <strong>sterilen substrat<\/strong> , kateri vsebuje manj kot 5 % vode, znatno zmanj\u0161anje koli\u010dine odpadkov \u2013 zmanj\u0161uje pogostost in stro\u0161ke odvoza.<\/p>\n<span>\n                                                                                <\/div>\n                <\/div>\n\n            <\/div>\n        <\/div>\n    <\/div>\n<\/header>\n\n<section id=\"foodwaste-video\" class=\"overlap-top-50  mb-20\">\n    <div class=\"container animate__onscroll\">\n        <iframe loading=\"lazy\" width=\"70%\" height=\"500\" src=\"https:\/\/www.youtube.com\/embed\/IYozXElPaDI?si=XHGR3qoRM8q4Ra87\" title=\"Naslov videoposnetka\" frameborder=\"0\" allow=\"accelerometer; autoplay; clipboard-write; encrypted-media; gyroscope; picture-in-picture; web-share\" allowfullscreen><\/iframe>\n    <\/div>\n<\/section>\n\n<section class=\"ecovim-uredaj\">\n    <div class=\"container\">\n        <div class=\"flex flex-wrap md:-mx-6 md:items-center\">\n            <div class=\"w-full md:w-1\/2 md:px-6 mb-10 md:mb-0\">\n                <div class=\"img-wrapper animate__onscroll  animate__onscroll\">\n                    <img decoding=\"async\" src=\"https:\/\/foodwaste.hr\/wp-content\/uploads\/2023\/09\/ecovim-EN-30w.png\" alt=\"EN-30\" class=\"mx-auto\">\n                <\/div>\n            <\/div>\n            <div class=\"w-full md:w-1\/2 md:px-6\">\n                <p><span class=\"uredaj-title animate__onscroll  animate__onscroll\">EN-30<\/span><\/p>\n                <ul class=\"list-arrow-green\">\n                    <li class=\"animate__onscroll animate__delay-0.5s\">Nosilnost (maks.) &#8211; <strong>30 kg<\/strong><\/strong><\/li><li class=\"animate__onscroll animate__delay-0.5s\">\u010cas procesa &#8211; <strong>6-9 ur<\/strong><\/strong><\/li><li class=\"animate__onscroll animate__delay-0.5s\">Napajanje &#8211; enofazno, 20 A, 200 V \/ 220 V * 50\/60 Hz, 3,8 kW<\/strong><\/li><li class=\"animate__onscroll animate__delay-0.5s\">Poraba energije &#8211; 1,8 kWh<\/strong><\/li><li class=\"animate__onscroll animate__delay-0.5s\">Dimenzije &#8211; 800 x 900 x 1090 mm<\/strong><\/li><li class=\"animate__onscroll animate__delay-0.5s\">Te\u017ea naprave &#8211; 180 kg<\/strong><\/li> \n                <\/ul>\n            <\/div>\n        <\/div>\n    <\/div>\n<\/section>\n\n<section class=\"ecovim-uredaj\">\n    <div class=\"container\">\n        <div class=\"flex flex-wrap md:-mx-6 md:items-center\">\n            <div class=\"w-full md:w-1\/2 md:px-6 mb-10 md:mb-0\">\n                <div class=\"img-wrapper animate__onscroll  animate__onscroll\">\n                    <img decoding=\"async\" src=\"https:\/\/foodwaste.hr\/wp-content\/uploads\/2023\/09\/ecovim-EN-100w.png\" alt=\"EN-100\" class=\"mx-auto\">\n                <\/div>\n            <\/div>\n            <div class=\"w-full md:w-1\/2 md:px-6\">\n                <p><span class=\"uredaj-title animate__onscroll  animate__onscroll\">EN-100<\/span><\/p>\n                <ul class=\"list-arrow-green\">\n                    <li class=\"animate__onscroll animate__delay-0.5s\">Nosilnost (maks.) &#8211; <strong>100 kg<\/strong><\/strong><\/li><li class=\"animate__onscroll animate__delay-0.5s\">\u010cas procesa &#8211; <strong>13-15 ur<\/strong><\/strong><\/li><li class=\"animate__onscroll animate__delay-0.5s\">Napajanje &#8211; trifazno, 30\/20 A, 220 V \/ 380 V * 50\/60 Hz, 7,8 kW<\/strong><\/li><li class=\"animate__onscroll animate__delay-0.5s\">Poraba energije &#8211; 3,2 kWh<\/strong><\/li><li class=\"animate__onscroll animate__delay-0.5s\">Dimenzije &#8211; <strong>1150 x 1000 x 1270 mm<\/strong><\/strong><\/li><li class=\"animate__onscroll animate__delay-0.5s\">Te\u017ea naprave &#8211; 290 kg<\/strong><\/li> \n                <\/ul>\n            <\/div>\n        <\/div>\n    <\/div>\n<\/section>\n\n<section class=\"ecovim-uredaj\">\n    <div class=\"container\">\n        <div class=\"flex flex-wrap md:-mx-6 md:items-center\">\n            <div class=\"w-full md:w-1\/2 md:px-6 mb-10 md:mb-0\">\n                <div class=\"img-wrapper animate__onscroll  animate__onscroll\">\n                    <img decoding=\"async\" src=\"https:\/\/foodwaste.hr\/wp-content\/uploads\/2023\/09\/ecovim-EN-300w.png\" alt=\"EN-300\" class=\"mx-auto\">\n                <\/div>\n            <\/div>\n            <div class=\"w-full md:w-1\/2 md:px-6\">\n                <p><span class=\"uredaj-title animate__onscroll  animate__onscroll\">EN-300<\/span><\/p>\n                <ul class=\"list-arrow-green\">\n                    <li class=\"animate__onscroll animate__delay-0.5s\">Nosilnost (maks.) &#8211; <strong>300 kg<\/strong><\/strong><\/li><li class=\"animate__onscroll animate__delay-0.5s\">\u010cas procesa &#8211; <strong>17-21 ur<\/strong><\/strong><\/li><li class=\"animate__onscroll animate__delay-0.5s\">Napajanje &#8211; trifazno, 60\/40 A, 220 V \/ 380 V * 50\/60 Hz, 18 kW<\/strong><\/li><li class=\"animate__onscroll animate__delay-0.5s\">Poraba energije &#8211; 10 kWh<\/strong><\/li><li class=\"animate__onscroll animate__delay-0.5s\">Dimenzije &#8211; 1600 x 1450 x 1650 mm<\/strong><\/li><li class=\"animate__onscroll animate__delay-0.5s\">Te\u017ea naprave &#8211; 800 kg<\/strong><\/li> \n                <\/ul>\n            <\/div>\n        <\/div>\n    <\/div>\n<\/section>\n\n<section class=\"ecovim-uredaj\">\n    <div class=\"container\">\n        <div class=\"flex flex-wrap md:-mx-6 md:items-center\">\n            <div class=\"w-full md:w-1\/2 md:px-6 mb-10 md:mb-0\">\n                <div class=\"img-wrapper animate__onscroll  animate__onscroll\">\n                    <img decoding=\"async\" src=\"https:\/\/foodwaste.hr\/wp-content\/uploads\/2023\/09\/ecovim-EN-500w.png\" alt=\"EN-500LW\" class=\"mx-auto\">\n                <\/div>\n            <\/div>\n            <div class=\"w-full md:w-1\/2 md:px-6\">\n                <p><span class=\"uredaj-title animate__onscroll  animate__onscroll\">EN-500LW<\/span><\/p>\n                <ul class=\"list-arrow-green\">\n                    <li class=\"animate__onscroll animate__delay-0.5s\">Nosilnost (maks.) &#8211; <strong>500 kg<\/strong><\/strong><\/li><li class=\"animate__onscroll animate__delay-0.5s\">\u010cas procesa &#8211; <strong>18\u201323 ur<\/strong><\/strong><\/li><li class=\"animate__onscroll animate__delay-0.5s\">Napajanje &#8211; trifazno, 75\/50 A, 220 V \/ 380 V * 50\/60 Hz, 22 kW<\/strong><\/li><li class=\"animate__onscroll animate__delay-0.5s\">Poraba energije &#8211; 15 kWh<\/strong><\/li><li class=\"animate__onscroll animate__delay-0.5s\">Dimenzije &#8211; 2200 x 1450 x 1750 mm<\/strong><\/li><li class=\"animate__onscroll animate__delay-0.5s\">Te\u017ea naprave &#8211; 1120 kg<\/strong><\/li> \n                <\/ul>\n            <\/div>\n        <\/div>\n    <\/div>\n<\/section>\n\n<section class=\"ecovim-uredaj\">\n    <div class=\"container\">\n        <div class=\"flex flex-wrap md:-mx-6 md:items-center\">\n            <div class=\"w-full md:w-1\/2 md:px-6 mb-10 md:mb-0\">\n                <div class=\"img-wrapper animate__onscroll  animate__onscroll\">\n                    <img decoding=\"async\" src=\"https:\/\/foodwaste.hr\/wp-content\/uploads\/2023\/09\/ecovim-EN-1000w.png\" alt=\"EN-1000\/1300\" class=\"mx-auto\">\n                <\/div>\n            <\/div>\n            <div class=\"w-full md:w-1\/2 md:px-6\">\n                <p><span class=\"uredaj-title animate__onscroll  animate__onscroll\">EN-1000\/1300<\/span><\/p>\n                <ul class=\"list-arrow-green\">\n                    <li class=\"animate__onscroll animate__delay-0.5s\">Nosilnost (maks.) &#8211; <strong>1000 kg<\/strong><\/strong><\/li><li class=\"animate__onscroll animate__delay-0.5s\">\u010cas procesa &#8211; <strong>20\u201323 ur<\/strong><\/strong><\/li><li class=\"animate__onscroll animate__delay-0.5s\">Napajanje &#8211; trifazno, 75\/50 A, 220 V \/ 380 V * 50\/60 Hz, 40 kW<\/strong><\/li><li class=\"animate__onscroll animate__delay-0.5s\">Poraba energije &#8211; 23 kWh<\/strong><\/li><li class=\"animate__onscroll animate__delay-0.5s\">Dimenzije &#8211; 3000 x 1900 x 2000 mm<\/strong><\/li><li class=\"animate__onscroll animate__delay-0.5s\">Te\u017ea naprave &#8211; 1860 kg<\/strong><\/li> \n                <\/ul>\n            <\/div>\n        <\/div>\n    <\/div>\n<\/section>\n\n<section id=\"ecovim-about\" class=\"mb-20\">\n    <div class=\"container\">\n\n        <div class=\"line-dot-line my-12\"><\/div>\n        \n        <div class=\"flex flex-wrap md:-mx-6\">\n            <div class=\"w-full md:w-1\/2 md:px-6 mb-10 md:mb-0\">\n                                    <p class=\"flex mb-4 items-center animate__onscroll\">\n                        <span class=\"icon icon-plus icon-round bg-brand-primary text-white mr-4\"><\/span>\n                        <span><strong>Primerno za vnos<\/strong>  &#8211; zelenjava, sadje, kruh, ribe, meso, majhne kosti.<\/span>\n                    <\/p>\n                                    <p class=\"flex mb-4 items-center animate__onscroll\">\n                        <span class=\"icon icon-plus icon-round bg-brand-primary text-white mr-4\"><\/span>\n                        <span><strong>Ni primerno za vnos<\/strong>  &#8211; plastika, premazani papir, steklo, les, plo\u010devinke, kovina, kemikalije.<\/span>\n                    <\/p>\n                                    <p class=\"flex mb-4 items-center animate__onscroll\">\n                        <span class=\"icon icon-plus icon-round bg-brand-primary text-white mr-4\"><\/span>\n                        <span><strong><a href=\"https:\/\/foodwaste.hr\/wp-content\/uploads\/2023\/11\/Ecovim_brosura_-_za_web.pdf\">Tehni\u010dna specifikacija<\/a><\/strong>  vsebuje podrobne informacije o napravah<\/span>\n                    <\/p>\n                 \n            <\/div>\n\n            <div class=\"w-full md:w-1\/2 md:px-6\">\n                <h3 class=\"text-brand-primary text-xl md:text-2xl mb-8 animate__onscroll\">Pogosto zastavljena <strong>vpra\u0161anja<\/strong><\/h3>\n\n                <ul class=\"faqs-list accordion-list\">\n                                            <li class=\"animate__onscroll animate__delay-0.5s accordion-item\">\n                            <div class=\"accordion-title\">Katere predpogoje je treba izpolniti za namestitev naprave?<\/div>\n                            <div class=\"accordion-content\"><p>Za napravo ECOVIM (30 kg) je potreben enofazni tok. Za naprave, ki lahko obdelajo ve\u010djo kapaciteto ostankov na dan: trifazni tok.<br \/>\nZagotoviti je treba odvod tehni\u010dne vode.<\/p>\n<\/div>\n                        <\/li>\n                                            <li class=\"animate__onscroll animate__delay-0.5s accordion-item\">\n                            <div class=\"accordion-title\">Kaj lahko vstavim v napravo?<\/div>\n                            <div class=\"accordion-content\"><p>Naprave zmanj\u0161ajo koli\u010dino ostankov hrane, ki nastanejo pri pripravi in po \u200b\u200bu\u017eivanju, vklju\u010dno s kuhanim in surovim mesom, zelenjavo, sadjem (vklju\u010dno z agrumi, ananasom, lubeni\u010dnimi lupinami), jajci, majhnimi kostmi, papirnatimi brisa\u010dami, kartonsko embala\u017eo, \u010dajnimi vre\u010dkami in zobotrebci. Po kon\u010danem ciklusu nastane sterilen substrat (pra\u0161kastega izgleda), 95% manj vlage in 85% manj te\u017ee od celotno vstavljene mase.<\/p>\n<\/div>\n                        <\/li>\n                                            <li class=\"animate__onscroll animate__delay-0.5s accordion-item\">\n                            <div class=\"accordion-title\">\u010cas delovanja naprave?<\/div>\n                            <div class=\"accordion-content\"><p>\u010cas delovanja naprave je odvisen od velikosti naprave: od 6 ur na najmanj\u0161i napravi Ecovim do 23 ur na najve\u010dji.<\/p>\n<\/div>\n                        <\/li>\n                                            <li class=\"animate__onscroll animate__delay-0.5s accordion-item\">\n                            <div class=\"accordion-title\">Kaj nastane po kon\u010danem procesu?<\/div>\n                            <div class=\"accordion-content\"><p>Po kon\u010danem ciklusu nastane sterilen substrat z manj kot 5 % vode.\u00a0 Znatno zmanj\u0161anje koli\u010dine odpadkov \u2013 zmanj\u0161uje se pogostost in stro\u0161ek odvoza.<\/p>\n<\/div>\n                        <\/li>\n                     \n                <\/ul>\n            <\/div>\n        \n        <\/div>\n\n    <\/div>\n<\/section>\n\n<section id=\"ecovim-kontakt\" class=\"main-gradient pt-20 md:pt-48 pb-20 text-white\">\n    <div class=\"container\">\n        <div class=\"flex flex-wrap md:-mx-6\">\n\n            <div class=\"w-full md:w-1\/2 md:px-20\">\n                <p class=\"animate__onscroll\">Za dodatna vpra\u0161anja nas prosim kontaktirajte.<\/p>\n                <p class=\"animate__onscroll\">Odgovorimo v 24 urah &#8211; med delovnimi dnevi.<\/p>\n\n                <div class=\"flex flex-wrap md:flex-nowrap mt-8\">\n                    <div class=\"mb-6 md:mr-8 \">\n                        <p class=\"animate__onscroll\"><a href=\"tel:+385 95 4448725\" class=\"text-white\">+385 95 4448725<\/a><\/p>\n                        <p class=\"animate__onscroll\"><a href=\"mailto:info@zerowaste.hr\" class=\"text-white\">info@zerowaste.hr<\/a><\/p>\n                    <\/div>\n                    <div>\n                        <a href=\"https:\/\/foodwaste.hr\/kontakt\/\" class=\"btn btn-rounded btn-secondary animate__onscroll\">Kontaktirajte nas<\/a>\n                    <\/div>\n                <\/div>\n            <\/div>\n\n            <div class=\"w-full md:w-1\/2 md:px-6\">\n                <img decoding=\"async\" id=\"support\" src=\"\" class=\"animate__onscroll\" alt=\"\" animation=\"animate__fadeInRight\">\n            <\/div>\n\n        <\/div>\n    <\/div>\n<\/section>","protected":false},"excerpt":{"rendered":"","protected":false},"author":5,"featured_media":0,"parent":0,"menu_order":0,"comment_status":"closed","ping_status":"closed","template":"views\/page-blank.php","meta":{"om_disable_all_campaigns":false,"_monsterinsights_skip_tracking":false,"_monsterinsights_sitenote_active":false,"_monsterinsights_sitenote_note":"","_monsterinsights_sitenote_category":0,"footnotes":""},"class_list":["post-895","page","type-page","status-publish","hentry"],"acf":[],"aioseo_notices":[],"_links":{"self":[{"href":"https:\/\/foodwaste.hr\/sl\/wp-json\/wp\/v2\/pages\/895","targetHints":{"allow":["GET"]}}],"collection":[{"href":"https:\/\/foodwaste.hr\/sl\/wp-json\/wp\/v2\/pages"}],"about":[{"href":"https:\/\/foodwaste.hr\/sl\/wp-json\/wp\/v2\/types\/page"}],"author":[{"embeddable":true,"href":"https:\/\/foodwaste.hr\/sl\/wp-json\/wp\/v2\/users\/5"}],"replies":[{"embeddable":true,"href":"https:\/\/foodwaste.hr\/sl\/wp-json\/wp\/v2\/comments?post=895"}],"version-history":[{"count":11,"href":"https:\/\/foodwaste.hr\/sl\/wp-json\/wp\/v2\/pages\/895\/revisions"}],"predecessor-version":[{"id":929,"href":"https:\/\/foodwaste.hr\/sl\/wp-json\/wp\/v2\/pages\/895\/revisions\/929"}],"wp:attachment":[{"href":"https:\/\/foodwaste.hr\/sl\/wp-json\/wp\/v2\/media?parent=895"}],"curies":[{"name":"wp","href":"https:\/\/api.w.org\/{rel}","templated":true}]}}