{"id":904,"date":"2023-09-20T12:15:15","date_gmt":"2023-09-20T11:15:15","guid":{"rendered":"https:\/\/foodwaste.hr\/kontakt\/"},"modified":"2025-12-01T13:13:52","modified_gmt":"2025-12-01T12:13:52","slug":"kontakt","status":"publish","type":"page","link":"https:\/\/foodwaste.hr\/sl\/kontakt\/","title":{"rendered":"Kontakt"},"content":{"rendered":"\n<div class=\"wp-block-columns is-layout-flex wp-container-core-columns-is-layout-9d6595d7 wp-block-columns-is-layout-flex\">\n<div class=\"wp-block-column is-layout-flow wp-block-column-is-layout-flow\">\n<h2 class=\"wp-block-heading has-text-align-left\">Imate kakr\u0161na koli vpra\u0161anja? Kontaktirajte nas. <\/h2>\n\n\n\n<div style=\"height:21px\" aria-hidden=\"true\" class=\"wp-block-spacer\"><\/div>\n\n\n\n<p class=\"has-text-align-left\">Za vsa vpra\u0161anja, predstavitve in naro\u010dila nas lahko kontaktirate po telefonu ali elektronski po\u0161ti.<\/p>\n\n\n\n<p class=\"has-text-align-left\">Na vsako povpra\u0161evanje odgovorimo v 24 urah med delovnimi dnevi.<\/p>\n<\/div>\n\n\n\n<div class=\"wp-block-column is-layout-flow wp-block-column-is-layout-flow\"><\/div>\n<\/div>\n","protected":false},"excerpt":{"rendered":"<p>Imate kakr\u0161na koli vpra\u0161anja? Kontaktirajte nas. Za vsa vpra\u0161anja, predstavitve in naro\u010dila nas lahko kontaktirate po telefonu ali elektronski po\u0161ti. Na vsako povpra\u0161evanje odgovorimo v 24 urah med delovnimi dnevi.<\/p>\n","protected":false},"author":1,"featured_media":0,"parent":0,"menu_order":0,"comment_status":"closed","ping_status":"closed","template":"views\/page-contact.php","meta":{"om_disable_all_campaigns":false,"_monsterinsights_skip_tracking":false,"_monsterinsights_sitenote_active":false,"_monsterinsights_sitenote_note":"","_monsterinsights_sitenote_category":0,"footnotes":""},"class_list":["post-904","page","type-page","status-publish","hentry"],"acf":[],"aioseo_notices":[],"_links":{"self":[{"href":"https:\/\/foodwaste.hr\/sl\/wp-json\/wp\/v2\/pages\/904","targetHints":{"allow":["GET"]}}],"collection":[{"href":"https:\/\/foodwaste.hr\/sl\/wp-json\/wp\/v2\/pages"}],"about":[{"href":"https:\/\/foodwaste.hr\/sl\/wp-json\/wp\/v2\/types\/page"}],"author":[{"embeddable":true,"href":"https:\/\/foodwaste.hr\/sl\/wp-json\/wp\/v2\/users\/1"}],"replies":[{"embeddable":true,"href":"https:\/\/foodwaste.hr\/sl\/wp-json\/wp\/v2\/comments?post=904"}],"version-history":[{"count":1,"href":"https:\/\/foodwaste.hr\/sl\/wp-json\/wp\/v2\/pages\/904\/revisions"}],"predecessor-version":[{"id":905,"href":"https:\/\/foodwaste.hr\/sl\/wp-json\/wp\/v2\/pages\/904\/revisions\/905"}],"wp:attachment":[{"href":"https:\/\/foodwaste.hr\/sl\/wp-json\/wp\/v2\/media?parent=904"}],"curies":[{"name":"wp","href":"https:\/\/api.w.org\/{rel}","templated":true}]}}